{"id":1291,"date":"2023-05-24T08:40:13","date_gmt":"2023-05-24T06:40:13","guid":{"rendered":"https:\/\/www.otja.es\/resources\/"},"modified":"2026-04-21T15:31:45","modified_gmt":"2026-04-21T13:31:45","slug":"resources","status":"publish","type":"page","link":"https:\/\/www.otja.es\/en\/resources\/","title":{"rendered":"Resources"},"content":{"rendered":"\n<p><\/p>\n\n<div style=\"height:40px\" aria-hidden=\"true\" class=\"wp-block-spacer\"><\/div>\n\n<div class=\"wp-block-group is-nowrap is-layout-flex wp-container-core-group-is-layout-6c531013 wp-block-group-is-layout-flex\">\n<div class=\"wp-block-gutena-tabs gutena-tabs-block gutena-tabs-block-82c2c9-e2\"><ul class=\"gutena-tabs-tab tab-flex\"><li class=\"gutena-tab-title active\" data-tab=\"1\"><div class=\"gutena-tab-title-content icon-left\"><div class=\"gutena-tab-title-icon\"><svg xmlns=\"http:\/\/www.w3.org\/2000\/svg\" viewBox=\"0 0 24 24\" width=\"24\" height=\"24\" aria-hidden=\"true\"><path fill-rule=\"evenodd\" d=\"M18.646 9H20V8l-1-.5L12 4 5 7.5 4 8v1h14.646zm-3-1.5L12 5.677 8.354 7.5h7.292zm-7.897 9.44v-6.5h-1.5v6.5h1.5zm5-6.5v6.5h-1.5v-6.5h1.5zm5 0v6.5h-1.5v-6.5h1.5zm2.252 8.81c0 .414-.334.75-.748.75H4.752a.75.75 0 010-1.5h14.5a.75.75 0 01.749.75z\" clip-rule=\"evenodd\"><\/path><\/svg><\/div><div class=\"gutena-tab-title-text\"><div>Estudios<\/div><\/div><\/div><\/li><li class=\"gutena-tab-title inactive\" data-tab=\"2\"><div class=\"gutena-tab-title-content icon-left\"><div class=\"gutena-tab-title-icon\"><svg viewBox=\"0 0 24 24\" xmlns=\"http:\/\/www.w3.org\/2000\/svg\" width=\"24\" height=\"24\" aria-hidden=\"true\"><path d=\"M14 5H4c-1.1 0-2 .9-2 2v10c0 1.1.9 2 2 2h10c1.1 0 2-.9 2-2V7c0-1.1-.9-2-2-2zm.5 12c0 .3-.2.5-.5.5H4c-.3 0-.5-.2-.5-.5V7c0-.3.2-.5.5-.5h10c.3 0 .5.2.5.5v10zm2.5-7v4l5 3V7l-5 3zm3.5 4.4l-2-1.2v-2.3l2-1.2v4.7z\"><\/path><\/svg><\/div><div class=\"gutena-tab-title-text\"><div>Multimedia<\/div><\/div><\/div><\/li><li class=\"gutena-tab-title inactive\" data-tab=\"3\"><div class=\"gutena-tab-title-content icon-left\"><div class=\"gutena-tab-title-icon\"><svg width=\"24\" height=\"24\" viewBox=\"0 0 24 24\" xmlns=\"http:\/\/www.w3.org\/2000\/svg\" aria-hidden=\"true\"><path d=\"M12.5939 21C14.1472 21 16.1269 20.5701 17.0711 20.1975L16.6447 18.879C16.0964 19.051 14.3299 19.6242 12.6548 19.6242C7.4467 19.6242 4.67513 16.8726 4.67513 12C4.67513 7.21338 7.50762 4.34713 12.2893 4.34713C17.132 4.34713 19.4162 7.55732 19.4162 10.7675C19.4162 14.035 19.0508 15.4968 17.4975 15.4968C16.5838 15.4968 16.0964 14.7803 16.0964 13.9777V7.5H14.4822V8.30255H14.3909C14.1777 7.67198 12.9898 7.12739 11.467 7.2707C9.18274 7.5 7.4467 9.27707 7.4467 11.8567C7.4467 14.5796 8.81726 16.672 11.467 16.758C13.203 16.8153 14.1168 16.0127 14.4822 15.1815H14.5736C14.7563 16.414 16.401 16.8439 17.467 16.8439C20.6954 16.8439 21 13.5764 21 10.7962C21 6.86943 18.0761 3 12.3807 3C6.50254 3 3 6.3535 3 11.9427C3 17.7325 6.38071 21 12.5939 21ZM11.7107 15.2962C9.73096 15.2962 9.03046 13.6051 9.03046 11.7707C9.03046 10.1083 10.0355 8.67516 11.7716 8.67516C13.599 8.67516 14.5736 9.36306 14.5736 11.7707C14.5736 14.1497 13.7513 15.2962 11.7107 15.2962Z\"><\/path><\/svg><\/div><div class=\"gutena-tab-title-text\"><div>Otros recursos<\/div><\/div><\/div><\/li><\/ul><div class=\"gutena-tabs-content is-layout-flow wp-block-tabs-is-layout-flow\">\n<div class=\"wp-block-gutena-tab gutena-tab-block gutena-tab-block-91136b-61 active\" data-tab=\"1\">\n<div class=\"wp-block-group fila-documentos is-nowrap is-layout-flex wp-container-core-group-is-layout-6c531013 wp-block-group-is-layout-flex\">\n<div class=\"wp-block-group is-vertical is-content-justification-center is-layout-flex wp-container-core-group-is-layout-ce155fab wp-block-group-is-layout-flex\">\n<figure class=\"wp-block-image size-large\"><img loading=\"lazy\" decoding=\"async\" width=\"725\" height=\"1024\" src=\"https:\/\/www.otja.es\/wp-content\/uploads\/2026\/03\/ECODES_informe-indicadores-2024-1-725x1024.png\" alt=\"otja\" class=\"wp-image-1846\" title=\"\" srcset=\"https:\/\/www.otja.es\/wp-content\/uploads\/2026\/03\/ECODES_informe-indicadores-2024-1-725x1024.png 725w, https:\/\/www.otja.es\/wp-content\/uploads\/2026\/03\/ECODES_informe-indicadores-2024-1-212x300.png 212w, https:\/\/www.otja.es\/wp-content\/uploads\/2026\/03\/ECODES_informe-indicadores-2024-1-768x1085.png 768w, https:\/\/www.otja.es\/wp-content\/uploads\/2026\/03\/ECODES_informe-indicadores-2024-1.png 912w\" sizes=\"auto, (max-width: 725px) 100vw, 725px\" \/><\/figure>\n\n\n\n<div class=\"wp-block-file\"><a id=\"wp-block-file--media-e0f3d19e-aa54-40cd-8d6f-78dbbb681e53\" href=\"https:\/\/www.otja.es\/wp-content\/uploads\/2026\/03\/ECODES-Informe-Indicadores-2024-Energia-Comun.pdf\"><strong>ECODES. Common Energy 2024 Indicators Report <\/strong><\/a><\/div>\n<\/div>\n\n\n\n<div class=\"wp-block-group is-vertical is-content-justification-center is-layout-flex wp-container-core-group-is-layout-ce155fab wp-block-group-is-layout-flex\">\n<figure class=\"wp-block-image size-full\"><img loading=\"lazy\" decoding=\"async\" width=\"866\" height=\"490\" src=\"https:\/\/www.otja.es\/wp-content\/uploads\/2024\/08\/Impacto-economico-y-social-de-la-eolica-PA.png\" alt=\"otja\" class=\"wp-image-966\" title=\"\" srcset=\"https:\/\/www.otja.es\/wp-content\/uploads\/2024\/08\/Impacto-economico-y-social-de-la-eolica-PA.png 866w, https:\/\/www.otja.es\/wp-content\/uploads\/2024\/08\/Impacto-economico-y-social-de-la-eolica-PA-300x170.png 300w, https:\/\/www.otja.es\/wp-content\/uploads\/2024\/08\/Impacto-economico-y-social-de-la-eolica-PA-768x435.png 768w\" sizes=\"auto, (max-width: 866px) 100vw, 866px\" \/><\/figure>\n\n\n\n<div class=\"wp-block-file\"><a id=\"wp-block-file--media-21ed26c1-ca2c-4ff6-ac3b-65ff0cf8cd2e\" href=\"https:\/\/www.otja.es\/wp-content\/uploads\/2024\/08\/Informe_impacto_economico_social_eolica_PA_Deloitte.pdf\"><strong>Economic and social impact of wind energy in the Principality of Asturias report<\/strong><\/a><\/div>\n<\/div>\n\n\n\n<div class=\"wp-block-group is-vertical is-content-justification-center is-layout-flex wp-container-core-group-is-layout-ce155fab wp-block-group-is-layout-flex\">\n<figure class=\"wp-block-image size-full\"><a href=\"https:\/\/www.otja.es\/wp-content\/uploads\/2024\/08\/Informe-Observatorio-minerales-criticos.pdf\" target=\"_blank\" rel=\"noreferrer noopener\"><img loading=\"lazy\" decoding=\"async\" width=\"1149\" height=\"654\" src=\"https:\/\/www.otja.es\/wp-content\/uploads\/2024\/08\/Observatory-of-critical-minerals.png\" alt=\"otja\" class=\"wp-image-967\" title=\"\" srcset=\"https:\/\/www.otja.es\/wp-content\/uploads\/2024\/08\/Observatory-of-critical-minerals.png 1149w, https:\/\/www.otja.es\/wp-content\/uploads\/2024\/08\/Observatory-of-critical-minerals-300x171.png 300w, https:\/\/www.otja.es\/wp-content\/uploads\/2024\/08\/Observatory-of-critical-minerals-1024x583.png 1024w, https:\/\/www.otja.es\/wp-content\/uploads\/2024\/08\/Observatory-of-critical-minerals-768x437.png 768w\" sizes=\"auto, (max-width: 1149px) 100vw, 1149px\" \/><\/a><\/figure>\n\n\n\n<div class=\"wp-block-file\"><a id=\"wp-block-file--media-ab813c2e-b660-44c4-9caf-be033eb051f6\" href=\"https:\/\/www.otja.es\/wp-content\/uploads\/2024\/08\/Informe-Observatorio-minerales-criticos.pdf\"><strong>Critical minerals observatory report<\/strong><\/a><\/div>\n<\/div>\n\n\n\n<div class=\"wp-block-group is-vertical is-content-justification-center is-layout-flex wp-container-core-group-is-layout-ce155fab wp-block-group-is-layout-flex\">\n<figure class=\"wp-block-image size-full\"><a href=\"https:\/\/www.otja.es\/wp-content\/uploads\/2024\/11\/BATERIAS-DE-LITIO-Seguridad-y-prevencion-de-riesgo-de-incendio.pdf\" target=\"_blank\" rel=\"noreferrer noopener\"><img loading=\"lazy\" decoding=\"async\" width=\"210\" height=\"270\" src=\"https:\/\/www.otja.es\/wp-content\/uploads\/2024\/11\/BATERIAS-DE-LITIO-SEGURIDAD-Y-PREVENCION-DE-RIESGO-DE-INCENDIO.png\" alt=\"otja\" class=\"wp-image-1026\" title=\"\"><\/a><\/figure>\n\n\n\n<div class=\"wp-block-file\"><a id=\"wp-block-file--media-d60b7938-4327-4c14-b58a-481357816959\" href=\"https:\/\/www.otja.es\/wp-content\/uploads\/2024\/11\/BATERIAS-DE-LITIO-Seguridad-y-prevencion-de-riesgo-de-incendio.pdf\"><strong>Lithium batteries. Safety and fire risk prevention <\/strong><\/a><\/div>\n<\/div>\n\n\n\n<div class=\"wp-block-group is-vertical is-content-justification-center is-layout-flex wp-container-core-group-is-layout-ce155fab wp-block-group-is-layout-flex\">\n<figure class=\"wp-block-image size-full\"><img loading=\"lazy\" decoding=\"async\" width=\"210\" height=\"270\" src=\"https:\/\/www.otja.es\/wp-content\/uploads\/2024\/12\/OCU.png\" alt=\"otja\" class=\"wp-image-1361\" title=\"\"><\/figure>\n\n\n\n<div class=\"wp-block-file\"><a id=\"wp-block-file--media-ed0c69e0-df26-449e-8097-44e10c31369f\" href=\"https:\/\/www.otja.es\/wp-content\/uploads\/2024\/12\/Postura_OCU_sostenibilidad_energetica.pdf\"><strong>OCU position on energy sustainability<\/strong><\/a><\/div>\n<\/div>\n\n\n\n<div class=\"wp-block-group is-vertical is-content-justification-center is-layout-flex wp-container-core-group-is-layout-ce155fab wp-block-group-is-layout-flex\">\n<figure class=\"wp-block-image size-full\"><img loading=\"lazy\" decoding=\"async\" width=\"210\" height=\"270\" src=\"https:\/\/www.otja.es\/wp-content\/uploads\/2024\/12\/ORE.png\" alt=\"otja\" class=\"wp-image-1363\" title=\"\"><\/figure>\n\n\n\n<div class=\"wp-block-file\"><a id=\"wp-block-file--media-87b32e2d-dfef-417a-88bf-8ab27a96197c\" href=\"https:\/\/www.otja.es\/wp-content\/uploads\/2024\/12\/ORE_4competitiveclimateneutralEurope_2020.pdf\"><strong>Marine renewables by 2050<\/strong><\/a><\/div>\n<\/div>\n\n\n\n<div class=\"wp-block-group is-vertical is-content-justification-center is-layout-flex wp-container-core-group-is-layout-ce155fab wp-block-group-is-layout-flex\">\n<figure class=\"wp-block-image size-full is-resized\"><img loading=\"lazy\" decoding=\"async\" width=\"210\" height=\"297\" src=\"https:\/\/www.otja.es\/wp-content\/uploads\/2025\/01\/WRIGHTSimonChurchill.png\" alt=\"otja\" class=\"wp-image-1591\" style=\"width:152px;height:auto\" title=\"\"><\/figure>\n\n\n\n<div class=\"wp-block-file\"><a id=\"wp-block-file--media-cc51444f-81cf-4089-be1f-4ac786544c59\" href=\"https:\/\/www.otja.es\/wp-content\/uploads\/2025\/01\/projectReport-WRIGHTSimonChurchillFellowshipReport.pdf\"><strong>Empowering Coal Regions in Australia &#8211;<br\/>Delivering an Enduring Legacy from the Clean Energy Transition<\/strong><\/a><\/div>\n<\/div>\n<\/div>\n<\/div>\n\n\n\n<div class=\"wp-block-gutena-tab gutena-tab-block gutena-tab-block-27273e-a8 inactive\" data-tab=\"2\">\n<p style=\"margin-top:0;margin-bottom:0\"><\/p>\n\n\n\n<div class=\"wp-block-columns is-layout-flex wp-container-core-columns-is-layout-28f84493 wp-block-columns-is-layout-flex\">\n<div class=\"wp-block-column is-layout-flow wp-block-column-is-layout-flow\">\n<figure class=\"wp-block-embed is-type-video is-provider-youtube wp-block-embed-youtube wp-embed-aspect-16-9 wp-has-aspect-ratio\"><div class=\"wp-block-embed__wrapper\">\n<iframe loading=\"lazy\" title=\"SITUACION ENERGETICA ACTUAL\" width=\"500\" height=\"281\" src=\"https:\/\/www.youtube.com\/embed\/u9sBitNPUCU?list=PLsELx7nJ-1eIVTtR811qBxF6rVSZ1vDX4\" frameborder=\"0\" allow=\"accelerometer; autoplay; clipboard-write; encrypted-media; gyroscope; picture-in-picture; web-share\" referrerpolicy=\"strict-origin-when-cross-origin\" allowfullscreen><\/iframe>\n<\/div><figcaption class=\"wp-element-caption\"><strong><mark style=\"background-color:rgba(0, 0, 0, 0)\" class=\"has-inline-color has-primary-color\">CURRENT ENERGY SITUATION<\/mark><\/strong><\/figcaption><\/figure>\n<\/div>\n\n\n\n<div class=\"wp-block-column is-layout-flow wp-block-column-is-layout-flow\">\n<figure class=\"wp-block-embed is-type-video is-provider-youtube wp-block-embed-youtube wp-embed-aspect-16-9 wp-has-aspect-ratio\"><div class=\"wp-block-embed__wrapper\">\n<iframe loading=\"lazy\" title=\"Impulsando la Transici\u00f3n hacia un futuro sostenible: c\u00f3mo cerrar la brecha de inversi\u00f3n\" width=\"500\" height=\"281\" src=\"https:\/\/www.youtube.com\/embed\/p858w3hDM8c?feature=oembed\" frameborder=\"0\" allow=\"accelerometer; autoplay; clipboard-write; encrypted-media; gyroscope; picture-in-picture; web-share\" referrerpolicy=\"strict-origin-when-cross-origin\" allowfullscreen><\/iframe>\n<\/div><\/figure>\n\n\n\n<p class=\"has-primary-color has-text-color has-link-color wp-elements-df887f157e8528676dc29ffc09090507\"><strong>DRIVING THE TRANSITION TO A SUSTAINABLE FUTURE<\/strong><\/p>\n<\/div>\n\n\n\n<div class=\"wp-block-column is-layout-flow wp-block-column-is-layout-flow\">\n<figure class=\"wp-block-embed is-type-video is-provider-youtube wp-block-embed-youtube wp-embed-aspect-16-9 wp-has-aspect-ratio\"><div class=\"wp-block-embed__wrapper\">\n<iframe loading=\"lazy\" title=\"TRANSICI\u00d3N ENERG\u00c9TICA JUSTA: LA ESTRATEGIA DE ASTURIAS\" width=\"500\" height=\"281\" src=\"https:\/\/www.youtube.com\/embed\/7TMXiYvbuq8?list=PLsELx7nJ-1eIVTtR811qBxF6rVSZ1vDX4\" frameborder=\"0\" allow=\"accelerometer; autoplay; clipboard-write; encrypted-media; gyroscope; picture-in-picture; web-share\" referrerpolicy=\"strict-origin-when-cross-origin\" allowfullscreen><\/iframe>\n<\/div><figcaption class=\"wp-element-caption\"><strong><mark style=\"background-color:rgba(0, 0, 0, 0)\" class=\"has-inline-color has-primary-color\">JUST ENERGY TRANSITION: THE STRATEGY OF ASTURIAS<\/mark><\/strong><\/figcaption><\/figure>\n<\/div>\n\n\n\n<div class=\"wp-block-column is-layout-flow wp-block-column-is-layout-flow\">\n<figure class=\"wp-block-embed is-type-video is-provider-youtube wp-block-embed-youtube wp-embed-aspect-16-9 wp-has-aspect-ratio\"><div class=\"wp-block-embed__wrapper\">\n<iframe loading=\"lazy\" title=\"CAMBIO CLIM\u00c1TICO, DESCARBONIZACI\u00d3N Y RECURSOS ENERG\u00c9TICOS\" width=\"500\" height=\"281\" src=\"https:\/\/www.youtube.com\/embed\/h_X_Z-W8Soo?list=PLsELx7nJ-1eIVTtR811qBxF6rVSZ1vDX4\" frameborder=\"0\" allow=\"accelerometer; autoplay; clipboard-write; encrypted-media; gyroscope; picture-in-picture; web-share\" referrerpolicy=\"strict-origin-when-cross-origin\" allowfullscreen><\/iframe>\n<\/div><figcaption class=\"wp-element-caption\"><strong><mark style=\"background-color:rgba(0, 0, 0, 0)\" class=\"has-inline-color has-primary-color\">CLIMATE CHANGE, DECARBONIZATION AND ENERGY RESOURCES<\/mark><\/strong><\/figcaption><\/figure>\n<\/div>\n<\/div>\n\n\n\n<div class=\"wp-block-columns is-layout-flex wp-container-core-columns-is-layout-28f84493 wp-block-columns-is-layout-flex\">\n<div class=\"wp-block-column is-layout-flow wp-block-column-is-layout-flow\">\n<figure class=\"wp-block-embed is-type-video is-provider-youtube wp-block-embed-youtube wp-embed-aspect-16-9 wp-has-aspect-ratio\"><div class=\"wp-block-embed__wrapper\">\n<iframe loading=\"lazy\" title=\"SOMOS SUPERHEROES\" width=\"500\" height=\"281\" src=\"https:\/\/www.youtube.com\/embed\/6gtIVp9j5_8?list=PLsELx7nJ-1eIVTtR811qBxF6rVSZ1vDX4\" frameborder=\"0\" allow=\"accelerometer; autoplay; clipboard-write; encrypted-media; gyroscope; picture-in-picture; web-share\" referrerpolicy=\"strict-origin-when-cross-origin\" allowfullscreen><\/iframe>\n<\/div><figcaption class=\"wp-element-caption\"><strong><mark style=\"background-color:rgba(0, 0, 0, 0)\" class=\"has-inline-color has-primary-color\">WE ARE SUPERHEROES<\/mark><\/strong><\/figcaption><\/figure>\n<\/div>\n\n\n\n<div class=\"wp-block-column is-layout-flow wp-block-column-is-layout-flow\">\n<figure class=\"wp-block-embed is-type-video is-provider-youtube wp-block-embed-youtube wp-embed-aspect-16-9 wp-has-aspect-ratio\"><div class=\"wp-block-embed__wrapper\">\n<iframe loading=\"lazy\" title=\"POWER TO ASTURIAS\" width=\"500\" height=\"281\" src=\"https:\/\/www.youtube.com\/embed\/-zb5GXMmXUw?list=PLsELx7nJ-1eIVTtR811qBxF6rVSZ1vDX4\" frameborder=\"0\" allow=\"accelerometer; autoplay; clipboard-write; encrypted-media; gyroscope; picture-in-picture; web-share\" referrerpolicy=\"strict-origin-when-cross-origin\" allowfullscreen><\/iframe>\n<\/div><figcaption class=\"wp-element-caption\"><strong><mark style=\"background-color:rgba(0, 0, 0, 0)\" class=\"has-inline-color has-primary-color\">POWER TO ASTURIAS<\/mark><\/strong><\/figcaption><\/figure>\n<\/div>\n\n\n\n<div class=\"wp-block-column is-layout-flow wp-block-column-is-layout-flow\">\n<figure class=\"wp-block-embed is-type-video is-provider-youtube wp-block-embed-youtube wp-embed-aspect-16-9 wp-has-aspect-ratio\"><div class=\"wp-block-embed__wrapper\">\n<iframe loading=\"lazy\" title=\"RENOVABLES S\u00cd\" width=\"500\" height=\"281\" src=\"https:\/\/www.youtube.com\/embed\/0fzMTOhix4w?list=PLsELx7nJ-1eIVTtR811qBxF6rVSZ1vDX4\" frameborder=\"0\" allow=\"accelerometer; autoplay; clipboard-write; encrypted-media; gyroscope; picture-in-picture; web-share\" referrerpolicy=\"strict-origin-when-cross-origin\" allowfullscreen><\/iframe>\n<\/div><figcaption class=\"wp-element-caption\"><strong><mark style=\"background-color:rgba(0, 0, 0, 0)\" class=\"has-inline-color has-primary-color\">RENEWABLE YES<\/mark><\/strong><\/figcaption><\/figure>\n<\/div>\n<\/div>\n\n\n\n<div class=\"wp-block-columns is-layout-flex wp-container-core-columns-is-layout-28f84493 wp-block-columns-is-layout-flex\">\n<div class=\"wp-block-column is-layout-flow wp-block-column-is-layout-flow\">\n<figure class=\"wp-block-embed is-type-video is-provider-youtube wp-block-embed-youtube wp-embed-aspect-16-9 wp-has-aspect-ratio\"><div class=\"wp-block-embed__wrapper\">\n<iframe loading=\"lazy\" title=\"Transici\u00f3n Energ\u00e9tica Justa Asturias\" width=\"500\" height=\"281\" src=\"https:\/\/www.youtube.com\/embed\/os1uqJyFW9M?feature=oembed\" frameborder=\"0\" allow=\"accelerometer; autoplay; clipboard-write; encrypted-media; gyroscope; picture-in-picture; web-share\" referrerpolicy=\"strict-origin-when-cross-origin\" allowfullscreen><\/iframe>\n<\/div><figcaption class=\"wp-element-caption\"><strong><mark style=\"background-color:rgba(0, 0, 0, 0)\" class=\"has-inline-color has-primary-color\">JUST ENERGY TRANSITION ASTURIAS<\/mark><\/strong><\/figcaption><\/figure>\n<\/div>\n\n\n\n<div class=\"wp-block-column is-layout-flow wp-block-column-is-layout-flow\">\n<figure class=\"wp-block-embed is-type-video is-provider-youtube wp-block-embed-youtube wp-embed-aspect-16-9 wp-has-aspect-ratio\"><div class=\"wp-block-embed__wrapper\">\n<iframe loading=\"lazy\" title=\"ENERG\u00cdA E INFRAESTRUCTURAS COMPETITIVIDAD Y DESCARBONIZACI\u00d3N\" width=\"500\" height=\"281\" src=\"https:\/\/www.youtube.com\/embed\/kspYgQsw04g?feature=oembed\" frameborder=\"0\" allow=\"accelerometer; autoplay; clipboard-write; encrypted-media; gyroscope; picture-in-picture; web-share\" referrerpolicy=\"strict-origin-when-cross-origin\" allowfullscreen><\/iframe>\n<\/div><figcaption class=\"wp-element-caption\"><strong><mark style=\"background-color:rgba(0, 0, 0, 0)\" class=\"has-inline-color has-primary-color\">ENERGY AND INFRASTRUCTURES. COMPETITIVENESS AND DECARBONIZATION (ASTURIAS XXI COMMITMENT). <\/mark><\/strong><\/figcaption><\/figure>\n<\/div>\n\n\n\n<div class=\"wp-block-column is-layout-flow wp-block-column-is-layout-flow\">\n<figure class=\"wp-block-embed is-type-video is-provider-youtube wp-block-embed-youtube wp-embed-aspect-16-9 wp-has-aspect-ratio\"><div class=\"wp-block-embed__wrapper\">\n<iframe loading=\"lazy\" title=\"Di\u00e1logos entre j\u00f3venes sobre la Transici\u00f3n Energ\u00e9tica Justa\" width=\"500\" height=\"281\" src=\"https:\/\/www.youtube.com\/embed\/APkj3cFmnag?feature=oembed\" frameborder=\"0\" allow=\"accelerometer; autoplay; clipboard-write; encrypted-media; gyroscope; picture-in-picture; web-share\" referrerpolicy=\"strict-origin-when-cross-origin\" allowfullscreen><\/iframe>\n<\/div><figcaption class=\"wp-element-caption\"><strong><mark style=\"background-color:rgba(0, 0, 0, 0)\" class=\"has-inline-color has-primary-color\">YOUTH DIALOGUES ON JUST ENERGY TRANSITION<\/mark><\/strong><\/figcaption><\/figure>\n<\/div>\n<\/div>\n\n\n\n<div class=\"wp-block-columns is-layout-flex wp-container-core-columns-is-layout-28f84493 wp-block-columns-is-layout-flex\">\n<div class=\"wp-block-column is-layout-flow wp-block-column-is-layout-flow\">\n<figure class=\"wp-block-embed is-type-video is-provider-youtube wp-block-embed-youtube wp-embed-aspect-16-9 wp-has-aspect-ratio\"><div class=\"wp-block-embed__wrapper\">\n<iframe loading=\"lazy\" title=\"Jornadas de Transici\u00f3n Justa - Valle del Nal\u00f3n y Valle del Caudal-Abo\u00f1o (Directo)\" width=\"500\" height=\"281\" src=\"https:\/\/www.youtube.com\/embed\/2Y8GvK366u4?feature=oembed\" frameborder=\"0\" allow=\"accelerometer; autoplay; clipboard-write; encrypted-media; gyroscope; picture-in-picture; web-share\" referrerpolicy=\"strict-origin-when-cross-origin\" allowfullscreen><\/iframe>\n<\/div><figcaption class=\"wp-element-caption\"><strong><mark style=\"background-color:rgba(0, 0, 0, 0)\" class=\"has-inline-color has-primary-color\">DAYS OF JUST TRANSITION. NALON VALLEY AND ABO\u00d1O FLOW VALLEY <\/mark><\/strong><\/figcaption><\/figure>\n<\/div>\n\n\n\n<div class=\"wp-block-column is-layout-flow wp-block-column-is-layout-flow\"><\/div>\n\n\n\n<div class=\"wp-block-column is-layout-flow wp-block-column-is-layout-flow\"><\/div>\n<\/div>\n<\/div>\n\n\n\n<div class=\"wp-block-gutena-tab gutena-tab-block gutena-tab-block-bbefc6-4a inactive\" data-tab=\"3\">\n<p class=\"has-base-background-color has-background\"><a href=\"https:\/\/www.otja.es\/wp-content\/uploads\/2026\/03\/PNIEC_2024_240924.pdf\" data-type=\"link\" data-id=\"https:\/\/www.otja.es\/wp-content\/uploads\/2026\/03\/PNIEC_2024_240924.pdf\" target=\"_blank\" rel=\"noreferrer noopener\"><strong>National Integrated Energy and Climate Plan. Update 2023 &#8211; 2030 <\/strong><\/a><\/p>\n\n\n\n<p class=\"has-base-background-color has-background\"><strong><a href=\"https:\/\/www.otja.es\/wp-content\/uploads\/2026\/04\/eresee_2020.pdf\" target=\"_blank\" rel=\"noreferrer noopener\">Long-term Strategy for Energy Rehabilitation in the Spanish Building Sector (ERESEE 2020)<\/a><\/strong><\/p>\n\n\n\n<p class=\"has-base-background-color has-background\"><strong><a href=\"https:\/\/www.otja.es\/wp-content\/uploads\/2026\/04\/pnieccompleto_tcm30-508410.pdf\" target=\"_blank\" rel=\"noreferrer noopener\">National Integrated Energy and Climate Plan 2021-2030 (PNIEC)<\/a><\/strong><\/p>\n\n\n\n<p class=\"has-base-background-color has-background\"><strong><a href=\"https:\/\/www.otja.es\/wp-content\/uploads\/2024\/03\/Estatregia_Transicion_Justa.pdf\" target=\"_blank\" rel=\"noreferrer noopener\">Just Transition Strategy<\/a><\/strong><\/p>\n\n\n\n<p class=\"has-base-background-color has-background\"><strong><a href=\"https:\/\/www.otja.es\/wp-content\/uploads\/2026\/04\/hojarutahidrogenorenovable_tcm30-525000.pdf\" target=\"_blank\" rel=\"noreferrer noopener\">Hydrogen Roadmap<\/a><\/strong><\/p>\n\n\n\n<p class=\"has-base-background-color has-background\"><strong><a href=\"https:\/\/www.otja.es\/wp-content\/uploads\/2026\/04\/eshreolicamarina-pdfaccesiblev5_tcm30-534163.pdf\" target=\"_blank\" rel=\"noreferrer noopener\">Offshore Wind and Ocean Energy Roadmap  <\/a><\/strong><\/p>\n\n\n\n<p class=\"has-base-background-color has-background\"><strong><a href=\"https:\/\/www.otja.es\/wp-content\/uploads\/2026\/04\/HojaRuta-Biogas.pdf\" target=\"_blank\" rel=\"noreferrer noopener\">Biogas Roadmap<\/a><\/strong><\/p>\n\n\n\n<p class=\"has-base-background-color has-background\"><strong><a href=\"https:\/\/www.otja.es\/wp-content\/uploads\/2026\/04\/hojaderutaautoconsumo_tcm30-534411.pdf\" target=\"_blank\" rel=\"noreferrer noopener\">Self-consumption Roadmap<\/a><\/strong><\/p>\n\n\n\n<p class=\"has-base-background-color has-background\"><strong><a href=\"https:\/\/www.otja.es\/wp-content\/uploads\/2026\/04\/estrategiaalmacenamiento_tcm30-522655.pdf\" target=\"_blank\" rel=\"noreferrer noopener\">Energy Storage Strategy<\/a><\/strong><\/p>\n\n\n\n<p class=\"has-base-background-color has-background\"><strong><a href=\"https:\/\/www.otja.es\/wp-content\/uploads\/2026\/04\/0310203_adenda_plan_de_recuperacion_componente8.pdf\" target=\"_blank\" rel=\"noreferrer noopener\">Recovery, Transformation and Resilience Plan. Component 8 <\/a><\/strong><\/p>\n\n\n\n<p class=\"has-base-background-color has-background\"><strong><a href=\"https:\/\/www.otja.es\/wp-content\/uploads\/2026\/04\/Hoja-Ruta-Materias-Primas.pdf\" target=\"_blank\" rel=\"noreferrer noopener\">Roadmap for the Sustainable Management of Mineral Raw Materials<\/a><\/strong><\/p>\n\n\n\n<p>\u2026\u2026.<\/p>\n<\/div>\n<\/div><\/div>\n<\/div>\n\n<p><\/p>\n","protected":false},"excerpt":{"rendered":"","protected":false},"author":1,"featured_media":1485,"parent":0,"menu_order":0,"comment_status":"closed","ping_status":"closed","template":"","meta":{"footnotes":""},"class_list":["post-1291","page","type-page","status-publish","has-post-thumbnail","hentry"],"_links":{"self":[{"href":"https:\/\/www.otja.es\/en\/wp-json\/wp\/v2\/pages\/1291","targetHints":{"allow":["GET"]}}],"collection":[{"href":"https:\/\/www.otja.es\/en\/wp-json\/wp\/v2\/pages"}],"about":[{"href":"https:\/\/www.otja.es\/en\/wp-json\/wp\/v2\/types\/page"}],"author":[{"embeddable":true,"href":"https:\/\/www.otja.es\/en\/wp-json\/wp\/v2\/users\/1"}],"replies":[{"embeddable":true,"href":"https:\/\/www.otja.es\/en\/wp-json\/wp\/v2\/comments?post=1291"}],"version-history":[{"count":17,"href":"https:\/\/www.otja.es\/en\/wp-json\/wp\/v2\/pages\/1291\/revisions"}],"predecessor-version":[{"id":2141,"href":"https:\/\/www.otja.es\/en\/wp-json\/wp\/v2\/pages\/1291\/revisions\/2141"}],"wp:featuredmedia":[{"embeddable":true,"href":"https:\/\/www.otja.es\/en\/wp-json\/wp\/v2\/media\/1485"}],"wp:attachment":[{"href":"https:\/\/www.otja.es\/en\/wp-json\/wp\/v2\/media?parent=1291"}],"curies":[{"name":"wp","href":"https:\/\/api.w.org\/{rel}","templated":true}]}}