{"id":1398,"date":"2024-12-28T21:45:16","date_gmt":"2024-12-28T20:45:16","guid":{"rendered":"https:\/\/www.otja.es\/just-transition-agreements\/"},"modified":"2026-04-20T12:41:05","modified_gmt":"2026-04-20T10:41:05","slug":"just-transition-agreements","status":"publish","type":"page","link":"https:\/\/www.otja.es\/en\/just-transition-agreements\/","title":{"rendered":"Just Transition Agreements in Asturias"},"content":{"rendered":"\n<p class=\"has-large-font-size\">The Just Transition Agreements (JTAs) are one of the tools for implementing the Just Transition Strategy in the territories affected by the closure of coal mines and thermal and nuclear power plants. They are designed as co-governance tools to guarantee the commitment and coordination of public administrations and to propose support instruments in the just transition process.  <\/p>\n\n<p class=\"has-large-font-size\">The priority objective of the Agreements is to maintain and create activity and employment in the territories affected by the energy transition through the support of productive sectors and groups at risk, to fix population in rural areas or areas with facilities in closure and to promote new and diverse economic activity consistent with the socio-economic context and the fixation of population in rural areas or areas with facilities in closure.  <\/p>\n\n<p class=\"has-large-font-size\">In Asturias, there are currently 3 Just Transition Agreements (JTAs) in 27 municipalities.  <\/p>\n\n<figure data-wp-context=\"{&quot;imageId&quot;:&quot;6a095c203e526&quot;}\" data-wp-interactive=\"core\/image\" class=\"wp-block-image aligncenter size-full is-resized wp-lightbox-container\"><img loading=\"lazy\" decoding=\"async\" width=\"900\" height=\"636\" data-wp-class--hide=\"state.isContentHidden\" data-wp-class--show=\"state.isContentVisible\" data-wp-init=\"callbacks.setButtonStyles\" data-wp-on-async--click=\"actions.showLightbox\" data-wp-on-async--load=\"callbacks.setButtonStyles\" data-wp-on-async-window--resize=\"callbacks.setButtonStyles\" src=\"https:\/\/www.otja.es\/wp-content\/uploads\/2024\/12\/CTJs_espana.png\" alt=\"otja\" class=\"wp-image-1403\" style=\"width:445px;height:auto\" title=\"\" srcset=\"https:\/\/www.otja.es\/wp-content\/uploads\/2024\/12\/CTJs_espana.png 900w, https:\/\/www.otja.es\/wp-content\/uploads\/2024\/12\/CTJs_espana-300x212.png 300w, https:\/\/www.otja.es\/wp-content\/uploads\/2024\/12\/CTJs_espana-768x543.png 768w\" sizes=\"auto, (max-width: 900px) 100vw, 900px\" \/><button\n\t\t\tclass=\"lightbox-trigger\"\n\t\t\ttype=\"button\"\n\t\t\taria-haspopup=\"dialog\"\n\t\t\taria-label=\"Enlarge\"\n\t\t\tdata-wp-init=\"callbacks.initTriggerButton\"\n\t\t\tdata-wp-on-async--click=\"actions.showLightbox\"\n\t\t\tdata-wp-style--right=\"state.imageButtonRight\"\n\t\t\tdata-wp-style--top=\"state.imageButtonTop\"\n\t\t>\n\t\t\t<svg xmlns=\"http:\/\/www.w3.org\/2000\/svg\" width=\"12\" height=\"12\" fill=\"none\" viewBox=\"0 0 12 12\">\n\t\t\t\t<path fill=\"#fff\" d=\"M2 0a2 2 0 0 0-2 2v2h1.5V2a.5.5 0 0 1 .5-.5h2V0H2Zm2 10.5H2a.5.5 0 0 1-.5-.5V8H0v2a2 2 0 0 0 2 2h2v-1.5ZM8 12v-1.5h2a.5.5 0 0 0 .5-.5V8H12v2a2 2 0 0 1-2 2H8Zm2-12a2 2 0 0 1 2 2v2h-1.5V2a.5.5 0 0 0-.5-.5H8V0h2Z\" \/>\n\t\t\t<\/svg>\n\t\t<\/button><figcaption class=\"wp-element-caption\">Source: Just Transition Institute<\/figcaption><\/figure>\n\n<p><\/p>\n\n<h2 class=\"wp-block-heading\"><strong>CTJ Mining municipalities in the SW of Asturias<\/strong><\/h2>\n\n<p class=\"has-large-font-size\">The Fair Transition Agreement for the Southwest was created to cushion the impacts of the closures of the Narcea Thermal Power Plant, in the municipality of Tineo, and the closures of the Pilotuerto Mine (Tineo) and Pozo Cerredo (Dega\u00f1a) and the mining exploitation in the municipality of Cangas del Narcea. The territorial scope of the Fair Transition Agreement of the Southwest includes 6 municipalities: Dega\u00f1a, Tineo, Cangas del Narcea, Salas, Allande and Ibias.<\/p>\n\n<div class=\"wp-block-buttons is-layout-flex wp-block-buttons-is-layout-flex\">\n<div class=\"wp-block-button\"><a class=\"wp-block-button__link wp-element-button\" href=\"https:\/\/www.otja.es\/wp-content\/uploads\/2026\/03\/Informe-TJ-Suroccidente_Abril2025_uv.pdf\" target=\"_blank\" rel=\"noreferrer noopener\"><strong>CTJ Southwest Report  <\/strong><\/a><\/div>\n\n\n\n<div class=\"wp-block-button\"><a class=\"wp-block-button__link wp-element-button\" href=\"https:\/\/www.otja.es\/wp-content\/uploads\/2024\/12\/CTJSuroccidente_abril2023.pdf\" target=\"_blank\" rel=\"noreferrer noopener\"><strong>Presentation CTJ Suroccidente<\/strong><\/a><\/div>\n<\/div>\n\n<figure class=\"wp-block-gallery aligncenter has-nested-images columns-default is-cropped wp-block-gallery-1 is-layout-flex wp-block-gallery-is-layout-flex\">\n<figure data-wp-context=\"{&quot;imageId&quot;:&quot;6a095c204068a&quot;}\" data-wp-interactive=\"core\/image\" class=\"wp-block-image size-large has-custom-border wp-lightbox-container\"><img loading=\"lazy\" decoding=\"async\" width=\"1024\" height=\"724\" data-wp-class--hide=\"state.isContentHidden\" data-wp-class--show=\"state.isContentVisible\" data-wp-init=\"callbacks.setButtonStyles\" data-wp-on-async--click=\"actions.showLightbox\" data-wp-on-async--load=\"callbacks.setButtonStyles\" data-wp-on-async-window--resize=\"callbacks.setButtonStyles\" data-id=\"1535\" src=\"https:\/\/www.otja.es\/wp-content\/uploads\/2024\/12\/CTJ_SO-1-1024x724.png\" alt=\"otja\" class=\"wp-image-1535\" style=\"border-width:1px;border-radius:10px\" title=\"\" srcset=\"https:\/\/www.otja.es\/wp-content\/uploads\/2024\/12\/CTJ_SO-1-1024x724.png 1024w, https:\/\/www.otja.es\/wp-content\/uploads\/2024\/12\/CTJ_SO-1-300x212.png 300w, https:\/\/www.otja.es\/wp-content\/uploads\/2024\/12\/CTJ_SO-1-768x543.png 768w, https:\/\/www.otja.es\/wp-content\/uploads\/2024\/12\/CTJ_SO-1.png 1169w\" sizes=\"auto, (max-width: 1024px) 100vw, 1024px\" \/><button\n\t\t\tclass=\"lightbox-trigger\"\n\t\t\ttype=\"button\"\n\t\t\taria-haspopup=\"dialog\"\n\t\t\taria-label=\"Enlarge\"\n\t\t\tdata-wp-init=\"callbacks.initTriggerButton\"\n\t\t\tdata-wp-on-async--click=\"actions.showLightbox\"\n\t\t\tdata-wp-style--right=\"state.imageButtonRight\"\n\t\t\tdata-wp-style--top=\"state.imageButtonTop\"\n\t\t>\n\t\t\t<svg xmlns=\"http:\/\/www.w3.org\/2000\/svg\" width=\"12\" height=\"12\" fill=\"none\" viewBox=\"0 0 12 12\">\n\t\t\t\t<path fill=\"#fff\" d=\"M2 0a2 2 0 0 0-2 2v2h1.5V2a.5.5 0 0 1 .5-.5h2V0H2Zm2 10.5H2a.5.5 0 0 1-.5-.5V8H0v2a2 2 0 0 0 2 2h2v-1.5ZM8 12v-1.5h2a.5.5 0 0 0 .5-.5V8H12v2a2 2 0 0 1-2 2H8Zm2-12a2 2 0 0 1 2 2v2h-1.5V2a.5.5 0 0 0-.5-.5H8V0h2Z\" \/>\n\t\t\t<\/svg>\n\t\t<\/button><figcaption class=\"wp-element-caption\">Source: Just Transition Institute<\/figcaption><\/figure>\n\n\n\n<figure data-wp-context=\"{&quot;imageId&quot;:&quot;6a095c2040d79&quot;}\" data-wp-interactive=\"core\/image\" class=\"wp-block-image size-full has-custom-border wp-lightbox-container\"><img loading=\"lazy\" decoding=\"async\" width=\"1147\" height=\"820\" data-wp-class--hide=\"state.isContentHidden\" data-wp-class--show=\"state.isContentVisible\" data-wp-init=\"callbacks.setButtonStyles\" data-wp-on-async--click=\"actions.showLightbox\" data-wp-on-async--load=\"callbacks.setButtonStyles\" data-wp-on-async-window--resize=\"callbacks.setButtonStyles\" data-id=\"1555\" src=\"https:\/\/www.otja.es\/wp-content\/uploads\/2024\/12\/Proyectos_CTJ_SO.png\" alt=\"otja\" class=\"wp-image-1555\" style=\"border-width:1px;border-radius:10px\" title=\"\" srcset=\"https:\/\/www.otja.es\/wp-content\/uploads\/2024\/12\/Proyectos_CTJ_SO.png 1147w, https:\/\/www.otja.es\/wp-content\/uploads\/2024\/12\/Proyectos_CTJ_SO-300x214.png 300w, https:\/\/www.otja.es\/wp-content\/uploads\/2024\/12\/Proyectos_CTJ_SO-1024x732.png 1024w, https:\/\/www.otja.es\/wp-content\/uploads\/2024\/12\/Proyectos_CTJ_SO-768x549.png 768w\" sizes=\"auto, (max-width: 1147px) 100vw, 1147px\" \/><button\n\t\t\tclass=\"lightbox-trigger\"\n\t\t\ttype=\"button\"\n\t\t\taria-haspopup=\"dialog\"\n\t\t\taria-label=\"Enlarge\"\n\t\t\tdata-wp-init=\"callbacks.initTriggerButton\"\n\t\t\tdata-wp-on-async--click=\"actions.showLightbox\"\n\t\t\tdata-wp-style--right=\"state.imageButtonRight\"\n\t\t\tdata-wp-style--top=\"state.imageButtonTop\"\n\t\t>\n\t\t\t<svg xmlns=\"http:\/\/www.w3.org\/2000\/svg\" width=\"12\" height=\"12\" fill=\"none\" viewBox=\"0 0 12 12\">\n\t\t\t\t<path fill=\"#fff\" d=\"M2 0a2 2 0 0 0-2 2v2h1.5V2a.5.5 0 0 1 .5-.5h2V0H2Zm2 10.5H2a.5.5 0 0 1-.5-.5V8H0v2a2 2 0 0 0 2 2h2v-1.5ZM8 12v-1.5h2a.5.5 0 0 0 .5-.5V8H12v2a2 2 0 0 1-2 2H8Zm2-12a2 2 0 0 1 2 2v2h-1.5V2a.5.5 0 0 0-.5-.5H8V0h2Z\" \/>\n\t\t\t<\/svg>\n\t\t<\/button><figcaption class=\"wp-element-caption\">Source: Just Transition Institute<\/figcaption><\/figure>\n<\/figure>\n\n<p><\/p>\n\n<h2 class=\"wp-block-heading\"><strong>CTJ of the Caudal Valley and Abo\u00f1o<\/strong><\/h2>\n\n<p class=\"has-large-font-size\">The Caudal-Abo\u00f1o Valley Just Transition Agreement was created to cushion the impacts of the closure of the Pozo Santiago coal mine (Aller) and the Soto de Ribera Thermal Power Plant located in Ribera de Arriba.<\/p>\n\n<p class=\"has-large-font-size\">The territorial scope of the Just Transition Agreement of the Caudal-Abo\u00f1o Valley includes 14 municipalities: Aller, Lena, Mieres, Morc\u00edn, Quir\u00f3s, Ribera de Arriba, Riosa, Teverga, Goz\u00f3n, Carre\u00f1o, Corvera de Asturias, Llanera, Gij\u00f3n and Villaviciosa.<\/p>\n\n<div class=\"wp-block-buttons is-layout-flex wp-block-buttons-is-layout-flex\">\n<div class=\"wp-block-button\"><a class=\"wp-block-button__link wp-element-button\" href=\"https:\/\/www.otja.es\/wp-content\/uploads\/2026\/03\/Informe-TJ-Caudal-y-Abono_Abril2025_uv.pdf\" target=\"_blank\" rel=\"noreferrer noopener\"><strong>Report CTJ Valle del Caudal and Abo\u00f1o Valley<\/strong><\/a><\/div>\n\n\n\n<div class=\"wp-block-button\"><a class=\"wp-block-button__link wp-element-button\" href=\"https:\/\/www.otja.es\/wp-content\/uploads\/2024\/12\/CTJCaudalyAbono_abril2023.pdf\" target=\"_blank\" rel=\"noreferrer noopener\"><strong>Presentation of CTJ Valle del Caudal y Abo\u00f1o<\/strong><\/a><\/div>\n\n\n\n<div class=\"wp-block-button\"><a class=\"wp-block-button__link wp-element-button\" href=\"https:\/\/www.youtube.com\/watch?v=2Y8GvK366u4\" target=\"_blank\" rel=\"noreferrer noopener nofollow\"><strong>Informative video<\/strong><\/a><\/div>\n<\/div>\n\n<figure class=\"wp-block-gallery has-nested-images columns-default is-cropped wp-block-gallery-2 is-layout-flex wp-block-gallery-is-layout-flex\">\n<figure data-wp-context=\"{&quot;imageId&quot;:&quot;6a095c2041a9c&quot;}\" data-wp-interactive=\"core\/image\" class=\"wp-block-image size-large has-custom-border wp-lightbox-container\"><img loading=\"lazy\" decoding=\"async\" width=\"1024\" height=\"724\" data-wp-class--hide=\"state.isContentHidden\" data-wp-class--show=\"state.isContentVisible\" data-wp-init=\"callbacks.setButtonStyles\" data-wp-on-async--click=\"actions.showLightbox\" data-wp-on-async--load=\"callbacks.setButtonStyles\" data-wp-on-async-window--resize=\"callbacks.setButtonStyles\" data-id=\"1530\" src=\"https:\/\/www.otja.es\/wp-content\/uploads\/2024\/12\/CTJ_Caudal-1-1024x724.png\" alt=\"otja\" class=\"wp-image-1530\" style=\"border-width:1px;border-radius:10px\" title=\"\" srcset=\"https:\/\/www.otja.es\/wp-content\/uploads\/2024\/12\/CTJ_Caudal-1-1024x724.png 1024w, https:\/\/www.otja.es\/wp-content\/uploads\/2024\/12\/CTJ_Caudal-1-300x212.png 300w, https:\/\/www.otja.es\/wp-content\/uploads\/2024\/12\/CTJ_Caudal-1-768x543.png 768w, https:\/\/www.otja.es\/wp-content\/uploads\/2024\/12\/CTJ_Caudal-1.png 1169w\" sizes=\"auto, (max-width: 1024px) 100vw, 1024px\" \/><button\n\t\t\tclass=\"lightbox-trigger\"\n\t\t\ttype=\"button\"\n\t\t\taria-haspopup=\"dialog\"\n\t\t\taria-label=\"Enlarge\"\n\t\t\tdata-wp-init=\"callbacks.initTriggerButton\"\n\t\t\tdata-wp-on-async--click=\"actions.showLightbox\"\n\t\t\tdata-wp-style--right=\"state.imageButtonRight\"\n\t\t\tdata-wp-style--top=\"state.imageButtonTop\"\n\t\t>\n\t\t\t<svg xmlns=\"http:\/\/www.w3.org\/2000\/svg\" width=\"12\" height=\"12\" fill=\"none\" viewBox=\"0 0 12 12\">\n\t\t\t\t<path fill=\"#fff\" d=\"M2 0a2 2 0 0 0-2 2v2h1.5V2a.5.5 0 0 1 .5-.5h2V0H2Zm2 10.5H2a.5.5 0 0 1-.5-.5V8H0v2a2 2 0 0 0 2 2h2v-1.5ZM8 12v-1.5h2a.5.5 0 0 0 .5-.5V8H12v2a2 2 0 0 1-2 2H8Zm2-12a2 2 0 0 1 2 2v2h-1.5V2a.5.5 0 0 0-.5-.5H8V0h2Z\" \/>\n\t\t\t<\/svg>\n\t\t<\/button><figcaption class=\"wp-element-caption\">Source: Just Transition Institute<\/figcaption><\/figure>\n\n\n\n<figure data-wp-context=\"{&quot;imageId&quot;:&quot;6a095c2042089&quot;}\" data-wp-interactive=\"core\/image\" class=\"wp-block-image size-large has-custom-border wp-lightbox-container\"><img loading=\"lazy\" decoding=\"async\" width=\"1024\" height=\"731\" data-wp-class--hide=\"state.isContentHidden\" data-wp-class--show=\"state.isContentVisible\" data-wp-init=\"callbacks.setButtonStyles\" data-wp-on-async--click=\"actions.showLightbox\" data-wp-on-async--load=\"callbacks.setButtonStyles\" data-wp-on-async-window--resize=\"callbacks.setButtonStyles\" data-id=\"1549\" src=\"https:\/\/www.otja.es\/wp-content\/uploads\/2024\/12\/Proyectos_CTJ_Caudal-1024x731.png\" alt=\"otja\" class=\"wp-image-1549\" style=\"border-width:1px;border-radius:10px\" title=\"\" srcset=\"https:\/\/www.otja.es\/wp-content\/uploads\/2024\/12\/Proyectos_CTJ_Caudal-1024x731.png 1024w, https:\/\/www.otja.es\/wp-content\/uploads\/2024\/12\/Proyectos_CTJ_Caudal-300x214.png 300w, https:\/\/www.otja.es\/wp-content\/uploads\/2024\/12\/Proyectos_CTJ_Caudal-768x548.png 768w, https:\/\/www.otja.es\/wp-content\/uploads\/2024\/12\/Proyectos_CTJ_Caudal.png 1250w\" sizes=\"auto, (max-width: 1024px) 100vw, 1024px\" \/><button\n\t\t\tclass=\"lightbox-trigger\"\n\t\t\ttype=\"button\"\n\t\t\taria-haspopup=\"dialog\"\n\t\t\taria-label=\"Enlarge\"\n\t\t\tdata-wp-init=\"callbacks.initTriggerButton\"\n\t\t\tdata-wp-on-async--click=\"actions.showLightbox\"\n\t\t\tdata-wp-style--right=\"state.imageButtonRight\"\n\t\t\tdata-wp-style--top=\"state.imageButtonTop\"\n\t\t>\n\t\t\t<svg xmlns=\"http:\/\/www.w3.org\/2000\/svg\" width=\"12\" height=\"12\" fill=\"none\" viewBox=\"0 0 12 12\">\n\t\t\t\t<path fill=\"#fff\" d=\"M2 0a2 2 0 0 0-2 2v2h1.5V2a.5.5 0 0 1 .5-.5h2V0H2Zm2 10.5H2a.5.5 0 0 1-.5-.5V8H0v2a2 2 0 0 0 2 2h2v-1.5ZM8 12v-1.5h2a.5.5 0 0 0 .5-.5V8H12v2a2 2 0 0 1-2 2H8Zm2-12a2 2 0 0 1 2 2v2h-1.5V2a.5.5 0 0 0-.5-.5H8V0h2Z\" \/>\n\t\t\t<\/svg>\n\t\t<\/button><figcaption class=\"wp-element-caption\">Source: Just Transition Institute<\/figcaption><\/figure>\n<\/figure>\n\n<p><\/p>\n\n<h2 class=\"wp-block-heading\"><strong>Nalon Valley CTJ<\/strong><\/h2>\n\n<p class=\"has-large-font-size\">The Convenio de Transici\u00f3n Justa del Nal\u00f3n was created to cushion the impacts of the closures of the Lada Thermal Power Plant located in Langreo, and the Pozo Carrio Mine in the municipality of Laviana.<\/p>\n\n<p class=\"has-large-font-size\">The territorial scope of the Fair Transition Agreement of the Nal\u00f3n Valley includes 7 municipalities: Langreo, Laviana, San Mart\u00edn del Rey Aurelio, Bimenes, Caso, Pilo\u00f1a and Sobrescobio.<\/p>\n\n<div class=\"wp-block-buttons is-layout-flex wp-block-buttons-is-layout-flex\">\n<div class=\"wp-block-button\"><a class=\"wp-block-button__link wp-element-button\" href=\"https:\/\/www.otja.es\/wp-content\/uploads\/2026\/03\/Informe-TJ-Nalon_Abril2025_uv.pdf\" target=\"_blank\" rel=\"noreferrer noopener\"><strong>Nalon Valley CTJ Report<\/strong><\/a><\/div>\n\n\n\n<div class=\"wp-block-button\"><a class=\"wp-block-button__link wp-element-button\" href=\"https:\/\/www.otja.es\/wp-content\/uploads\/2024\/12\/CTJNalon_abril2023.pdf\" target=\"_blank\" rel=\"noreferrer noopener\"><strong>Presentation CTJ Valle del Nal\u00f3n<\/strong><\/a><\/div>\n\n\n\n<div class=\"wp-block-button\"><a class=\"wp-block-button__link wp-element-button\" href=\"https:\/\/www.youtube.com\/watch?v=2Y8GvK366u4\" target=\"_blank\" rel=\"noreferrer noopener nofollow\"><strong>Informative video<\/strong><\/a><\/div>\n<\/div>\n\n<figure class=\"wp-block-gallery has-nested-images columns-2 is-cropped wp-block-gallery-3 is-layout-flex wp-block-gallery-is-layout-flex\">\n<figure data-wp-context=\"{&quot;imageId&quot;:&quot;6a095c2042c3f&quot;}\" data-wp-interactive=\"core\/image\" class=\"wp-block-image size-full has-custom-border wp-lightbox-container\"><img loading=\"lazy\" decoding=\"async\" width=\"1169\" height=\"827\" data-wp-class--hide=\"state.isContentHidden\" data-wp-class--show=\"state.isContentVisible\" data-wp-init=\"callbacks.setButtonStyles\" data-wp-on-async--click=\"actions.showLightbox\" data-wp-on-async--load=\"callbacks.setButtonStyles\" data-wp-on-async-window--resize=\"callbacks.setButtonStyles\" data-id=\"1511\" src=\"https:\/\/www.otja.es\/wp-content\/uploads\/2024\/12\/CTJ_Nalon-1.png\" alt=\"otja\" class=\"wp-image-1511\" style=\"border-width:1px;border-radius:10px\" title=\"\" srcset=\"https:\/\/www.otja.es\/wp-content\/uploads\/2024\/12\/CTJ_Nalon-1.png 1169w, https:\/\/www.otja.es\/wp-content\/uploads\/2024\/12\/CTJ_Nalon-1-300x212.png 300w, https:\/\/www.otja.es\/wp-content\/uploads\/2024\/12\/CTJ_Nalon-1-1024x724.png 1024w, https:\/\/www.otja.es\/wp-content\/uploads\/2024\/12\/CTJ_Nalon-1-768x543.png 768w\" sizes=\"auto, (max-width: 1169px) 100vw, 1169px\" \/><button\n\t\t\tclass=\"lightbox-trigger\"\n\t\t\ttype=\"button\"\n\t\t\taria-haspopup=\"dialog\"\n\t\t\taria-label=\"Enlarge\"\n\t\t\tdata-wp-init=\"callbacks.initTriggerButton\"\n\t\t\tdata-wp-on-async--click=\"actions.showLightbox\"\n\t\t\tdata-wp-style--right=\"state.imageButtonRight\"\n\t\t\tdata-wp-style--top=\"state.imageButtonTop\"\n\t\t>\n\t\t\t<svg xmlns=\"http:\/\/www.w3.org\/2000\/svg\" width=\"12\" height=\"12\" fill=\"none\" viewBox=\"0 0 12 12\">\n\t\t\t\t<path fill=\"#fff\" d=\"M2 0a2 2 0 0 0-2 2v2h1.5V2a.5.5 0 0 1 .5-.5h2V0H2Zm2 10.5H2a.5.5 0 0 1-.5-.5V8H0v2a2 2 0 0 0 2 2h2v-1.5ZM8 12v-1.5h2a.5.5 0 0 0 .5-.5V8H12v2a2 2 0 0 1-2 2H8Zm2-12a2 2 0 0 1 2 2v2h-1.5V2a.5.5 0 0 0-.5-.5H8V0h2Z\" \/>\n\t\t\t<\/svg>\n\t\t<\/button><figcaption class=\"wp-element-caption\">Source: Just Transition Institute<\/figcaption><\/figure>\n\n\n\n<figure data-wp-context=\"{&quot;imageId&quot;:&quot;6a095c20431f5&quot;}\" data-wp-interactive=\"core\/image\" class=\"wp-block-image size-full has-custom-border wp-lightbox-container\"><img loading=\"lazy\" decoding=\"async\" width=\"1163\" height=\"830\" data-wp-class--hide=\"state.isContentHidden\" data-wp-class--show=\"state.isContentVisible\" data-wp-init=\"callbacks.setButtonStyles\" data-wp-on-async--click=\"actions.showLightbox\" data-wp-on-async--load=\"callbacks.setButtonStyles\" data-wp-on-async-window--resize=\"callbacks.setButtonStyles\" data-id=\"1553\" src=\"https:\/\/www.otja.es\/wp-content\/uploads\/2024\/12\/Proyectos_CTJ_Nalon.png\" alt=\"otja\" class=\"wp-image-1553\" style=\"border-width:1px;border-radius:10px\" title=\"\" srcset=\"https:\/\/www.otja.es\/wp-content\/uploads\/2024\/12\/Proyectos_CTJ_Nalon.png 1163w, https:\/\/www.otja.es\/wp-content\/uploads\/2024\/12\/Proyectos_CTJ_Nalon-300x214.png 300w, https:\/\/www.otja.es\/wp-content\/uploads\/2024\/12\/Proyectos_CTJ_Nalon-1024x731.png 1024w, https:\/\/www.otja.es\/wp-content\/uploads\/2024\/12\/Proyectos_CTJ_Nalon-768x548.png 768w\" sizes=\"auto, (max-width: 1163px) 100vw, 1163px\" \/><button\n\t\t\tclass=\"lightbox-trigger\"\n\t\t\ttype=\"button\"\n\t\t\taria-haspopup=\"dialog\"\n\t\t\taria-label=\"Enlarge\"\n\t\t\tdata-wp-init=\"callbacks.initTriggerButton\"\n\t\t\tdata-wp-on-async--click=\"actions.showLightbox\"\n\t\t\tdata-wp-style--right=\"state.imageButtonRight\"\n\t\t\tdata-wp-style--top=\"state.imageButtonTop\"\n\t\t>\n\t\t\t<svg xmlns=\"http:\/\/www.w3.org\/2000\/svg\" width=\"12\" height=\"12\" fill=\"none\" viewBox=\"0 0 12 12\">\n\t\t\t\t<path fill=\"#fff\" d=\"M2 0a2 2 0 0 0-2 2v2h1.5V2a.5.5 0 0 1 .5-.5h2V0H2Zm2 10.5H2a.5.5 0 0 1-.5-.5V8H0v2a2 2 0 0 0 2 2h2v-1.5ZM8 12v-1.5h2a.5.5 0 0 0 .5-.5V8H12v2a2 2 0 0 1-2 2H8Zm2-12a2 2 0 0 1 2 2v2h-1.5V2a.5.5 0 0 0-.5-.5H8V0h2Z\" \/>\n\t\t\t<\/svg>\n\t\t<\/button><figcaption class=\"wp-element-caption\">Source: Just Transition Institute<\/figcaption><\/figure>\n<\/figure>\n\n<p><\/p>\n","protected":false},"excerpt":{"rendered":"<p>The Just Transition Agreements (JTAs) are one of the tools for implementing the Just Transition Strategy in the territories affected by the closure of coal mines and thermal and nuclear power plants. They are designed as co-governance tools to guarantee the commitment and coordination of public administrations and to propose support instruments in the just [&hellip;]<\/p>\n","protected":false},"author":2,"featured_media":1078,"parent":0,"menu_order":0,"comment_status":"closed","ping_status":"closed","template":"","meta":{"footnotes":""},"class_list":["post-1398","page","type-page","status-publish","has-post-thumbnail","hentry"],"_links":{"self":[{"href":"https:\/\/www.otja.es\/en\/wp-json\/wp\/v2\/pages\/1398","targetHints":{"allow":["GET"]}}],"collection":[{"href":"https:\/\/www.otja.es\/en\/wp-json\/wp\/v2\/pages"}],"about":[{"href":"https:\/\/www.otja.es\/en\/wp-json\/wp\/v2\/types\/page"}],"author":[{"embeddable":true,"href":"https:\/\/www.otja.es\/en\/wp-json\/wp\/v2\/users\/2"}],"replies":[{"embeddable":true,"href":"https:\/\/www.otja.es\/en\/wp-json\/wp\/v2\/comments?post=1398"}],"version-history":[{"count":26,"href":"https:\/\/www.otja.es\/en\/wp-json\/wp\/v2\/pages\/1398\/revisions"}],"predecessor-version":[{"id":2097,"href":"https:\/\/www.otja.es\/en\/wp-json\/wp\/v2\/pages\/1398\/revisions\/2097"}],"wp:featuredmedia":[{"embeddable":true,"href":"https:\/\/www.otja.es\/en\/wp-json\/wp\/v2\/media\/1078"}],"wp:attachment":[{"href":"https:\/\/www.otja.es\/en\/wp-json\/wp\/v2\/media?parent=1398"}],"curies":[{"name":"wp","href":"https:\/\/api.w.org\/{rel}","templated":true}]}}